{"id":145,"date":"2015-09-28T16:00:31","date_gmt":"2015-09-28T16:00:31","guid":{"rendered":"https:\/\/plethorathemes.com\/healthx\/?page_id=145"},"modified":"2019-03-11T13:40:58","modified_gmt":"2019-03-11T13:40:58","slug":"home","status":"publish","type":"page","link":"https:\/\/banukumbak.com\/ar\/","title":{"rendered":"\u0627\u0644\u0635\u0641\u062d\u0629 \u0627\u0644\u0631\u0626\u064a\u0633\u064a\u0629"},"content":{"rendered":"<p>[vc_row full_width=&#8221;0&#8243; full_height=&#8221;0&#8243; particles=&#8221;0&#8243; css=&#8221;.vc_custom_1539696017566{margin-bottom: -150px !important;padding-top: -200px !important;background-color: #e5e5e5 !important;}&#8221;][vc_column][vc_row_inner][vc_column_inner width=&#8221;1\/4&#8243;][vc_column_text]<\/p>\n<h3 class=\"wpb_heading wpb_singleimage_heading\" style=\"text-align: center;\"><a href=\"https:\/\/banukumbak.com\/ar\/%D8%A7%D9%84%D8%B9%D9%84%D8%A7%D8%AC-%D8%A8%D8%B7%D8%B1%D9%8A%D9%82%D8%A9-%D8%A7%D8%B7%D9%81%D8%A7%D9%84-%D8%A7%D9%84%D8%A7%D9%86%D8%A7%D8%A8%D9%8A%D8%A8-ivf-%D8%A7%D9%84%D8%A5%D8%AE%D8%B5%D8%A7\/\">\u0627\u0644\u0639\u0644\u0627\u062c \u0628\u0637\u0631\u064a\u0642\u0629 \u0627\u0637\u0641\u0627\u0644 \u0627\u0644\u0627\u0646\u0627\u0628\u064a\u0628 &#8211; IVF (\u0627\u0644\u0625\u062e\u0635\u0627\u0628 \u0641\u064a \u0627\u0644\u0645\u062e\u062a\u0628\u0631 \/ \u0627\u0644\u062a\u0644\u0642\u064a\u062d \u0627\u0644\u0635\u0646\u0627\u0639\u064a) (\u0639\u0644\u0627\u062c \u0627\u0644\u062a\u0644\u0642\u064a\u062d \u0627\u0644\u0627\u0635\u0637\u0646\u0627\u0639\u064a)<\/a><\/h3>\n<p>&nbsp;[\/vc_column_text][vc_single_image image=&#8221;5213&#8243; img_size=&#8221;300&#215;300&#8243; alignment=&#8221;center&#8221; onclick=&#8221;custom_link&#8221; link=&#8221;https:\/\/banukumbak.com\/ar\/%D8%A7%D9%84%D8%B9%D9%84%D8%A7%D8%AC-%D8%A8%D8%B7%D8%B1%D9%8A%D9%82%D8%A9-%D8%A7%D8%B7%D9%81%D8%A7%D9%84-%D8%A7%D9%84%D8%A7%D9%86%D8%A7%D8%A8%D9%8A%D8%A8-ivf-%D8%A7%D9%84%D8%A5%D8%AE%D8%B5%D8%A7\/&#8221; css=&#8221;.vc_custom_1539695049401{margin-top: -50px !important;}&#8221;][\/vc_column_inner][vc_column_inner width=&#8221;1\/4&#8243;][vc_column_text]<\/p>\n<h3>&nbsp;<\/h3>\n<h3>&nbsp;<\/h3>\n<h3 style=\"text-align: center;\"><a href=\"https:\/\/banukumbak.com\/ar\/%D8%A7%D9%84%D8%B9%D9%8F%D9%82%D9%92%D9%85\/\">\u0627\u0644\u0639\u064f\u0642\u0652\u0645<\/a><\/h3>\n<p>[\/vc_column_text][vc_single_image image=&#8221;5200&#8243; img_size=&#8221;300&#215;300&#8243; alignment=&#8221;center&#8221; onclick=&#8221;custom_link&#8221; link=&#8221;https:\/\/banukumbak.com\/ar\/%D8%A7%D9%84%D8%B9%D9%8F%D9%82%D9%92%D9%85\/&#8221; css=&#8221;.vc_custom_1539695098954{margin-top: -10px !important;}&#8221;][\/vc_column_inner][vc_column_inner width=&#8221;1\/4&#8243;][vc_column_text]<\/p>\n<h3>&nbsp;<\/h3>\n<h3 style=\"text-align: center;\"><a href=\"https:\/\/banukumbak.com\/ar\/%D8%AA%D9%8E%D9%86%D9%92%D8%B8%D9%8A%D8%B1%D9%8F-%D8%A7%D9%84%D8%A8%D9%8E%D8%B7%D9%92%D9%86-%D8%AA%D9%8E%D9%86%D9%92%D8%B8%D9%8A%D8%B1%D9%8F-%D8%A7%D9%84%D8%B5%D9%91%D9%90%D9%81%D8%A7%D9%82\/\"><strong>\u062a\u064e\u0646\u0652\u0638\u064a\u0631\u064f \u0627\u0644\u0628\u064e\u0637\u0652\u0646 (=\u062a\u064e\u0646\u0652\u0638\u064a\u0631\u064f \u0627\u0644\u0635\u0651\u0650\u0641\u0627\u0642)<\/strong><strong>&nbsp; \/ <\/strong><strong>\u062a\u064e\u0646\u0652\u0638\u064a\u0631\u064f \u0627\u0644\u0631\u0651\u064e\u062d\u0650\u0645 \u0623\u0648 \u0645\u0646\u0638\u0627\u0631&nbsp;\u0627\u0644\u0631\u062d\u0645&nbsp;<\/strong><\/a><\/h3>\n<p>[\/vc_column_text][vc_single_image image=&#8221;3701&#8243; img_size=&#8221;300&#215;300&#8243; alignment=&#8221;center&#8221; onclick=&#8221;custom_link&#8221; link=&#8221;https:\/\/banukumbak.com\/ar\/%D8%AA%D9%8E%D9%86%D9%92%D8%B8%D9%8A%D8%B1%D9%8F-%D8%A7%D9%84%D8%A8%D9%8E%D8%B7%D9%92%D9%86-%D8%AA%D9%8E%D9%86%D9%92%D8%B8%D9%8A%D8%B1%D9%8F-%D8%A7%D9%84%D8%B5%D9%91%D9%90%D9%81%D8%A7%D9%82\/&#8221; css=&#8221;.vc_custom_1539695563911{margin-top: 10px !important;}&#8221;][\/vc_column_inner][vc_column_inner width=&#8221;1\/4&#8243;][vc_column_text]<\/p>\n<h3>&nbsp;<\/h3>\n<h3>&nbsp;<\/h3>\n<h3 style=\"text-align: center;\"><a href=\"https:\/\/banukumbak.com\/ar\/%D8%A7%D9%84%D8%A7%D9%86%D8%AA%D8%A8%D8%A7%D8%B0-%D8%A7%D9%84%D8%A8%D8%B7%D8%A7%D9%86%D9%8A-%D8%A7%D9%84%D8%B1%D8%AD%D9%85%D9%8A\/\">\u0627\u0644\u0627\u0646\u062a\u0628\u0627\u0630 \u0627\u0644\u0628\u0637\u0627\u0646\u064a \u0627\u0644\u0631\u062d\u0645\u064a<\/a><\/h3>\n<p>[\/vc_column_text][vc_single_image image=&#8221;5201&#8243; img_size=&#8221;300&#215;300&#8243; alignment=&#8221;center&#8221; onclick=&#8221;custom_link&#8221; css=&#8221;.vc_custom_1539695582925{margin-top: -10px !important;}&#8221; link=&#8221;https:\/\/banukumbak.com\/ar\/%D8%A7%D9%84%D8%A7%D9%86%D8%AA%D8%A8%D8%A7%D8%B0-%D8%A7%D9%84%D8%A8%D8%B7%D8%A7%D9%86%D9%8A-%D8%A7%D9%84%D8%B1%D8%AD%D9%85%D9%8A\/&#8221;][\/vc_column_inner][\/vc_row_inner][vc_row_inner css=&#8221;.vc_custom_1536931982549{margin-top: 10px !important;padding-top: 10px !important;}&#8221;][vc_column_inner width=&#8221;1\/4&#8243;][vc_column_text]<\/p>\n<h3 style=\"text-align: center;\"><a href=\"https:\/\/banukumbak.com\/ar\/%D9%85%D8%AA%D9%84%D8%A7%D8%B2%D9%85%D8%A9-%D8%A7%D9%84%D9%85%D8%A8%D9%8A%D8%B6-%D8%A7%D9%84%D9%85%D8%AA%D8%B9%D8%AF%D8%AF-%D8%A7%D9%84%D8%A3%D9%83%D9%8A%D8%A7%D8%B3\/\">\u0645\u062a\u0644\u0627\u0632\u0645\u0629 \u0627\u0644\u0645\u0628\u064a\u0636 \u0627\u0644\u0645\u062a\u0639\u062f\u062f \u0627\u0644\u0623\u0643\u064a\u0627\u0633<\/a><\/h3>\n<p>[\/vc_column_text][vc_single_image image=&#8221;5217&#8243; img_size=&#8221;300&#215;300&#8243; alignment=&#8221;center&#8221; onclick=&#8221;custom_link&#8221; link=&#8221;https:\/\/banukumbak.com\/ar\/%D9%85%D8%AA%D9%84%D8%A7%D8%B2%D9%85%D8%A9-%D8%A7%D9%84%D9%85%D8%A8%D9%8A%D8%B6-%D8%A7%D9%84%D9%85%D8%AA%D8%B9%D8%AF%D8%AF-%D8%A7%D9%84%D8%A3%D9%83%D9%8A%D8%A7%D8%B3\/&#8221;][\/vc_column_inner][vc_column_inner width=&#8221;1\/4&#8243;][vc_column_text]<\/p>\n<h3 style=\"text-align: center;\"><a href=\"https:\/\/banukumbak.com\/ar\/%D9%85%D9%8A%D9%88%D9%85%D8%A7-%D8%A7%D9%84%D8%B1%D8%AD%D9%85\/\">\u0645\u064a\u0648\u0645\u0627 \u0627\u0644\u0631\u062d\u0645<\/a><\/h3>\n<p>[\/vc_column_text][vc_single_image image=&#8221;5203&#8243; img_size=&#8221;300&#215;300&#8243; alignment=&#8221;center&#8221; onclick=&#8221;custom_link&#8221; link=&#8221;https:\/\/banukumbak.com\/ar\/%D9%85%D9%8A%D9%88%D9%85%D8%A7-%D8%A7%D9%84%D8%B1%D8%AD%D9%85\/&#8221;][\/vc_column_inner][vc_column_inner width=&#8221;1\/4&#8243;][vc_column_text]<\/p>\n<h3 style=\"text-align: center;\"><a href=\"https:\/\/banukumbak.com\/ar\/%D8%A7%D9%84%D8%A7%D8%AC%D9%87%D8%A7%D8%B6-%D8%A7%D9%84%D9%85%D8%AA%D9%83%D8%B1%D8%B1\/\">\u0627\u0644\u0627\u062c\u0647\u0627\u0636 \u0627\u0644\u0645\u062a\u0643\u0631\u0631<\/a><\/h3>\n<p>[\/vc_column_text][vc_single_image image=&#8221;5665&#8243; img_size=&#8221;300&#215;300&#8243; alignment=&#8221;center&#8221; onclick=&#8221;custom_link&#8221; link=&#8221;https:\/\/banukumbak.com\/ar\/%D8%A7%D9%84%D8%A7%D8%AC%D9%87%D8%A7%D8%B6-%D8%A7%D9%84%D9%85%D8%AA%D9%83%D8%B1%D8%B1\/&#8221;][\/vc_column_inner][vc_column_inner width=&#8221;1\/4&#8243;][vc_column_text]<\/p>\n<h3 style=\"text-align: center;\"><a href=\"https:\/\/banukumbak.com\/ar\/%D8%B4%D8%B0%D9%88%D8%B0%D8%A7%D8%AA-%D8%A7%D9%84%D8%B1%D8%AD%D9%85\/\">\u0634\u0630\u0648\u0630\u0627\u062a \u0627\u0644\u0631\u062d\u0645<\/a><\/h3>\n<p>[\/vc_column_text][vc_single_image image=&#8221;4905&#8243; img_size=&#8221;300&#215;300&#8243; alignment=&#8221;center&#8221; onclick=&#8221;custom_link&#8221; link=&#8221;https:\/\/banukumbak.com\/ar\/%D8%B4%D8%B0%D9%88%D8%B0%D8%A7%D8%AA-%D8%A7%D9%84%D8%B1%D8%AD%D9%85\/&#8221;][\/vc_column_inner][\/vc_row_inner][vc_row_inner css=&#8221;.vc_custom_1536932509951{margin-top: 10px !important;margin-bottom: 50px !important;}&#8221;][vc_column_inner width=&#8221;1\/4&#8243;][vc_column_text]<\/p>\n<h3 style=\"text-align: center;\"><a href=\"https:\/\/banukumbak.com\/ar\/%D8%A7%D9%84%D8%AA%D9%84%D9%82%D9%8A%D8%AD-%D8%AF%D8%A7%D8%AE%D9%84-%D8%A7%D9%84%D8%B1%D8%AD%D9%85-iui\/\">\u0627\u0644\u062a\u0644\u0642\u064a\u062d \u062f\u0627\u062e\u0644 \u0627\u0644\u0631\u062d\u0645 (IUI)<\/a><\/h3>\n<p>&nbsp;[\/vc_column_text][vc_single_image image=&#8221;5207&#8243; img_size=&#8221;300&#215;300&#8243; alignment=&#8221;center&#8221; onclick=&#8221;custom_link&#8221; link=&#8221;https:\/\/banukumbak.com\/ar\/%D8%A7%D9%84%D8%AA%D9%84%D9%82%D9%8A%D8%AD-%D8%AF%D8%A7%D8%AE%D9%84-%D8%A7%D9%84%D8%B1%D8%AD%D9%85-iui\/&#8221;][\/vc_column_inner][vc_column_inner width=&#8221;1\/4&#8243;][vc_column_text]<\/p>\n<h3 style=\"text-align: center;\"><a href=\"https:\/\/banukumbak.com\/ar\/%D8%A7%D9%84%D8%AA%D8%B7%D8%A8%D9%8A%D9%82%D8%A7%D8%AA-%D8%A7%D9%84%D8%AC%D9%8A%D9%86%D9%8A%D8%A9-%D8%A7%D9%84%D9%88%D8%B1%D8%A7%D8%AB%D9%8A%D8%A9-%D9%81%D9%8A-%D8%A7%D9%84%D8%B9%D9%8F%D9%82%D9%92\/\">\u0627\u0644\u062a\u0637\u0628\u064a\u0642\u0627\u062a \u0627\u0644\u062c\u064a\u0646\u064a\u0629 (\u0627\u0644\u0648\u0631\u0627\u062b\u064a\u0629) \u0641\u064a \u0627\u0644\u0639\u064f\u0642\u0652\u0645\u0650 \u062d\u064e\u0645\u0652\u0644<\/a><\/h3>\n<p>[\/vc_column_text][vc_single_image image=&#8221;5208&#8243; img_size=&#8221;300&#215;300&#8243; alignment=&#8221;center&#8221; onclick=&#8221;custom_link&#8221; link=&#8221;https:\/\/banukumbak.com\/ar\/%D8%A7%D9%84%D8%AA%D8%B7%D8%A8%D9%8A%D9%82%D8%A7%D8%AA-%D8%A7%D9%84%D8%AC%D9%8A%D9%86%D9%8A%D8%A9-%D8%A7%D9%84%D9%88%D8%B1%D8%A7%D8%AB%D9%8A%D8%A9-%D9%81%D9%8A-%D8%A7%D9%84%D8%B9%D9%8F%D9%82%D9%92\/&#8221;][\/vc_column_inner][vc_column_inner width=&#8221;1\/4&#8243;][vc_column_text]<\/p>\n<h3 style=\"text-align: center;\"><a href=\"https:\/\/banukumbak.com\/ar\/%D8%A7%D9%84%D8%AD%D9%8E%D9%85%D9%92%D9%84\/\">\u0627\u0644\u062d\u064e\u0645\u0652\u0644<\/a><\/h3>\n<p>&nbsp;[\/vc_column_text][vc_single_image image=&#8221;5209&#8243; img_size=&#8221;300&#215;300&#8243; alignment=&#8221;center&#8221; onclick=&#8221;custom_link&#8221; link=&#8221;https:\/\/banukumbak.com\/ar\/%D8%A7%D9%84%D8%AD%D9%8E%D9%85%D9%92%D9%84\/&#8221; css=&#8221;.vc_custom_1539695775581{margin-top: -15px !important;}&#8221;][\/vc_column_inner][vc_column_inner width=&#8221;1\/4&#8243;][\/vc_column_inner][\/vc_row_inner][\/vc_column][\/vc_row][vc_row full_width=&#8221;0&#8243; full_height=&#8221;0&#8243; row_padding=&#8221;no_top_padding&#8221; sep_bottom=&#8221;separator_bottom sep_angled_negative_bottom&#8221; particles=&#8221;0&#8243; css=&#8221;.vc_custom_1536923579798{margin-top: 50px !important;padding-top: 50px !important;}&#8221;][vc_column][\/vc_column][vc_column width=&#8221;2\/3&#8243; heading_align=&#8221;text-center&#8221; align=&#8221;text-left&#8221; margin=&#8221;margin_bottom_grid&#8221;][vc_column_text]<\/p>\n<div class=\"wpb_text_column wpb_content_element \">\n<div class=\"wpb_wrapper\">\n<h2 dir=\"rtl\" style=\"text-align: right;\"><span lang=\"AR-SA\">\u2013&nbsp; \u0627\u0644\u0628\u0631\u0641\u0633\u0648\u0631\u0629 \u0627\u0644\u0637\u0628\u064a\u0628\u0629 ( \u0628\u0627\u0646\u0648\u0643\u0648\u0645\u0628\u0627\u0643 \u0627\u064a\u0643\u0648\u0646 )<\/span><\/h2>\n<p dir=\"RTL\" style=\"text-align: right;\"><span dir=\"LTR\">Banu kumbak Ayg\u00fcn<\/span><\/p>\n<p dir=\"RTL\" style=\"text-align: right;\"><span dir=\"LTR\">\u2013<\/span><span lang=\"AR-SA\">&nbsp;\u0627\u0644\u0637\u0628\u064a\u0628\u0629 \u0627\u064a\u0643\u0648\u0646 (<\/span><span dir=\"LTR\">Ayg\u00fcn<\/span><span lang=\"AR-SA\">)&nbsp;<\/span><span lang=\"AR-SY\">\u0623\u062a\u0645\u062a \u062f\u0631\u0627\u0633\u062a\u0647\u0627 \u0627\u0644\u062b\u0627\u0646\u0648\u064a\u0629 \u0641\u064a \u0642\u064a\u0635\u0631\u064a&nbsp;<\/span><span dir=\"LTR\" lang=\"EN-US\">Kayseri<\/span><\/p>\n<p dir=\"RTL\" style=\"text-align: right;\">\u062a\u062e\u0631\u062c\u062a \u0641\u064a \u0643\u0644\u064a\u0629 \u0627\u0644\u0637\u0628 \u0639\u0627\u0645 1996 \u0628\u062f\u0631\u062c\u0629 \u0627\u0645\u062a\u064a\u0627\u0632 ( Hacettepe )<\/p>\n<p dir=\"RTL\" style=\"text-align: right;\"><span lang=\"AR-SA\">\u2013 \u0648\u0627\u062a\u0645\u062a \u0639\u0627\u0645&nbsp;<\/span><span dir=\"LTR\">2001&nbsp;<\/span><span lang=\"AR-SA\">&nbsp;\u0627\u062e\u062a\u0635\u0627\u0635\u0647\u0627 \u0641\u064a \u0627\u0644\u0637\u0628 \u0627\u0644\u0646\u0633\u0627\u0626\u064a \u062c\u0627\u0645\u0639\u0629 \u062c\u0631\u0627\u062d \u0628\u0627\u0634\u0627&nbsp;<\/span><span dir=\"LTR\">(Cerrah pa\u015fa t\u0131p fak\u00fcltesi)&nbsp;&nbsp;<\/span><\/p>\n<p dir=\"RTL\" style=\"text-align: right;\"><span dir=\"LTR\">\u2013<\/span><span lang=\"AR-SA\">&nbsp;\u0648\u0644\u0642\u062f \u0639\u0645\u0644\u062a \u0627\u0644\u0637\u0628\u064a\u0628\u0629 \u0639\u0627\u0645&nbsp;<\/span><span dir=\"LTR\" lang=\"EN-US\">2002- 2006<\/span><span lang=\"AR-SY\">&nbsp;\u0641\u064a \u0645\u0633\u062a\u0634\u0641\u0649 \u0645\u0645\u0648\u0631\u064a\u0627 \u0641\u064a \u0625\u0633\u0637\u0646\u0628\u0648\u0644 (<\/span><span dir=\"LTR\" lang=\"EN-US\">Memorial<\/span>&nbsp;<span lang=\"AR-SA\">)<\/span><\/p>\n<p dir=\"RTL\" style=\"text-align: right;\"><span lang=\"AR-SA\">\u0645\u0631\u0643\u0632 \u0637\u0641\u0644 \u0627\u0644\u0627\u0646\u0627\u0628\u064a\u0628<\/span><\/p>\n<ul style=\"text-align: right;\">\n<li dir=\"RTL\"><span lang=\"AR-SA\">\u0648\u0641\u064a \u0639\u0627\u0645&nbsp;<\/span><span dir=\"LTR\" lang=\"EN-US\">2006 \u2013 2008&nbsp;<\/span><span lang=\"AR-SA\">\u0641\u064a \u0645\u0631\u0643\u0632 \u0628\u062e\u062c\u064a\u062c\u064a \u0627\u0648\u0645\u0648\u062a(&nbsp;<\/span><span dir=\"LTR\">Bah\u00e7eci Umut&nbsp;<\/span><span lang=\"AR-SA\">&nbsp;)<\/span><\/li>\n<\/ul>\n<p dir=\"RTL\" style=\"text-align: right;\"><span lang=\"AR-SA\">\u0644\u0637\u0641\u0644 \u0627\u0644\u0627\u0646\u0627\u0628\u064a\u0628<\/span><\/p>\n<p dir=\"RTL\" style=\"text-align: right;\"><span lang=\"AR-SA\">-\u0648\u0641\u064a \u0639\u0627\u0645&nbsp;<\/span><span dir=\"LTR\" lang=\"EN-US\">2004 -2012&nbsp;<\/span><span lang=\"AR-SA\">&nbsp;\u0645\u062d\u0627\u0636\u0631\u0629 \u0641\u064a \u062c\u0627\u0645\u0639\u0629 \u0641\u0631\u0627\u062a \u0644\u0627\u0645\u0631\u0627\u0636 \u0627\u0644\u0646\u0633\u0627\u0621 \u0648\u0627\u0644\u062a\u0648\u0644\u064a\u062f \u0648\u0645\u0633\u0624\u0648\u0644\u0629 \u0641\u064a \u0645\u0631\u0643\u0632 \u0623\u0637\u0641\u0627\u0644 \u0627\u0644\u0627\u0646\u0627\u0628\u064a\u0628<\/span><\/p>\n<p dir=\"RTL\" style=\"text-align: right;\"><span lang=\"AR-SA\">\u2013 \u0648\u0641\u064a \u0639\u0627\u0645&nbsp;<\/span><span dir=\"LTR\" lang=\"EN-US\">2011<\/span><span lang=\"AR-SA\">&nbsp;\u062d\u0635\u0644\u062a \u0639\u0644\u0649 \u0644\u0642\u0628 \u0627\u0644\u0637\u0628\u064a\u0628 \u0627\u0644\u0645\u0634\u0627\u0631\u0643<\/span><\/p>\n<p dir=\"RTL\" style=\"text-align: right;\"><span lang=\"AR-SA\">\u2013 \u0648\u0641\u064a \u0639\u0627\u0645&nbsp;<\/span><span dir=\"LTR\" lang=\"EN-US\">2013&nbsp;<\/span><\/p>\n<\/div>\n<\/div>\n<p>[\/vc_column_text]<div class=\"plethora_button wpb_content_element   text-right \">\n    <a href=\"https:\/\/banukumbak.com\/ar\/%D8%A7%D9%84%D8%A5%D8%B9%D9%84%D8%A7%D9%86%D8%A7%D8%AA\/\" class=\" btn btn-primary with-icon icon-left\" title=\"\"  target=\"_self\">\n\n         <i class=\"fa fa-user\"><\/i> \n        \u0645\u0632\u064a\u062f \u0645\u0646 \u0627\u0644\u0645\u0639\u0644\u0648\u0645\u0627\u062a \u0639\u0646\u064a\n        \n\n    <\/a>\n<\/div>[\/vc_column][vc_column width=&#8221;1\/3&#8243; align=&#8221;text-left&#8221;]<!-- ========================== TEASER BOX ==========================-->\n\n<div class=\"teaser_box wpb_content_element text-center  skincolored_section    with_button  .tedavilermenu \">\n\n  <div class=\"figure \">\n\n\n\n        \n        \n        \n         <img src=\"https:\/\/banukumbak.com\/ar\/wp-content\/uploads\/2018\/09\/PROF.-DR.-BANU-KUMBAK-AYG\u00dcN.png\" alt=\"&lt;strong&gt; \u0628\u0627\u0646\u0648 \u0643\u0648\u0645-\u0628\u0627\u0642 \u0622\u064a-\u0643\u0648\u0646 \u0623\u0633\u062a\u0627\u0630 \u062f\u0643\u062a\u0648\u0631 &lt;\/strong&gt;\">   \n\n        \n\n\n  <\/div>\n\n\n  <div class=\"content text-center boxed  with_button \">\n    \n    <div class=\"hgroup\">\n       <h4 class=\"neutralize_links\">\n       <strong> \u0628\u0627\u0646\u0648 \u0643\u0648\u0645-\u0628\u0627\u0642 \u0622\u064a-\u0643\u0648\u0646 \u0623\u0633\u062a\u0627\u0630 \u062f\u0643\u062a\u0648\u0631 <\/strong>\n       <\/h4>\n      \n    <\/div>\n\n    \n\n    <div class=\"link centered\">\n        <a href=\"\"  target=\"\" class=\"btn btn-xs btn-secondary\"><strong><\/strong><\/a>\n    <\/div>\n\n  <\/div>\n\n<\/div>\n\n<!-- END======================= TEASER BOX ==========================-->[\/vc_column][\/vc_row][vc_row color_set=&#8221;white_section&#8221; full_width=&#8221;0&#8243; full_height=&#8221;0&#8243; sep_top=&#8221;separator_top sep_angled_positive_top&#8221; sep_bottom=&#8221;separator_bottom sep_angled_positive_bottom&#8221; particles=&#8221;0&#8243; css=&#8221;.vc_custom_1536923679415{background-color: #e5e5e5 !important;}&#8221;][vc_column width=&#8221;2\/3&#8243;]<div class=\"section_header subtitle_bottom   fancy text-left\">\n\n    <h2 style=\"text-align: right;\">\u0623\u0633\u0626\u0644\u0629 \u064a\u062a\u0643\u0631\u0631 \u0637\u0631\u062d\u0647\u0627<\/h2>\n\n\n        <p><\/p>\n<\/div><div class=\"plethora_button wpb_content_element   text-left \">\n    <a href=\"http:\/\/banukumbak.com\/ar\/%D8%A3%D8%B3%D8%A6%D9%84%D8%A9-%D9%85%D8%AA%D9%83%D8%B1%D8%B1%D8%A9\/\" class=\"btn-lg btn btn-primary with-icon icon-left\" title=\"\"  target=\"_self\">\n\n         <i class=\"fa fa-user\"><\/i> \n        \u0627\u0646\u0642\u0631 \u0644\u0644\u062d\u0635\u0648\u0644 \u0639\u0644\u0649 \u0623\u0633\u0626\u0644\u0629 \u0623\u062e\u0631\u0649\n        \n\n    <\/a>\n<\/div>[\/vc_column][vc_column width=&#8221;1\/3&#8243;][vc_column_text]<\/p>\n<div class=\"bold menu-item menu-item-type-post_type menu-item-object-page menu-item-2543\">\n<h2 class=\"wpb_heading wpb_singleimage_heading\" style=\"text-align: right;\">\u0645\u0648\u0636\u0648\u0639 \u0627\u0644\u0634\u0647\u0631<\/h2>\n<figure class=\"wpb_wrapper vc_figure\"><\/figure>\n<\/div>\n<p style=\"text-align: right;\">&nbsp;<\/p>\n<p style=\"text-align: right;\"><iframe src=\"https:\/\/www.youtube.com\/embed\/c2_oMTnDNag?rel=0&amp;showinfo=0\" width=\"100%\" height=\"180\" frameborder=\"0\" allowfullscreen=\"allowfullscreen\"><\/iframe><\/p>\n<p>[\/vc_column_text][vc_column_text]<\/p>\n<h2 class=\"wpb_heading wpb_singleimage_heading\" style=\"text-align: right;\">\u0627\u0644\u0635\u062d\u0627\u0641\u0629 \u0627\u0644\u0645\u0631\u0626\u064a\u0629<\/h2>\n<figure class=\"wpb_wrapper vc_figure\"><\/figure>\n<p>[\/vc_column_text][vc_single_image image=&#8221;4584&#8243; img_size=&#8221;full&#8221; onclick=&#8221;custom_link&#8221; link=&#8221;https:\/\/banukumbak.com\/ar\/%D8%A7%D9%84%D8%B5%D8%AD%D8%A7%D9%81%D8%A9-%D8%A7%D9%84%D9%85%D8%B1%D8%A6%D9%8A%D8%A9\/&#8221;][vc_column_text]<\/p>\n<h2 class=\"wpb_heading wpb_singleimage_heading\" style=\"text-align: right;\">\u0645\u0643\u062a\u0648\u0628\u0629 \u0627\u0644\u0635\u062d\u0627\u0641\u0629<\/h2>\n<figure class=\"wpb_wrapper vc_figure\"><\/figure>\n<p>[\/vc_column_text][vc_single_image image=&#8221;3722&#8243; img_size=&#8221;full&#8221; onclick=&#8221;custom_link&#8221; link=&#8221;https:\/\/banukumbak.com\/ar\/%D9%85%D9%83%D8%AA%D9%88%D8%A8%D8%A9-%D8%A7%D9%84%D8%B5%D8%AD%D8%A7%D9%81%D8%A9\/&#8221;][\/vc_column][\/vc_row][vc_row color_set=&#8221;secondary_section&#8221; align=&#8221;text-center&#8221; full_width=&#8221;0&#8243; full_height=&#8221;0&#8243; cols_valign=&#8221;vcenter&#8221; transparent_overlay=&#8221;transparent_film&#8221; background=&#8221;bgimage&#8221; bgimage=&#8221;2291&#8243; parallax=&#8221;0&#8243;][vc_column align=&#8221;text-center&#8221;]<div class=\"section_header subtitle_bottom   fancy text-center\">\n\n    <h2>\u0627\u0644\u062a\u0648\u0627\u0635\u0644 \u0645\u0639\u0646\u0627<\/h2>\n<p>&nbsp;<\/p>\n<table width=\"400px\">\n<tbody>\n<tr>\n<td><a style=\"color: #ffffff;\" href=\"tel:+905354612244\"><b><\/b> 0535 461 22 44<\/a><\/td>\n<\/tr>\n<tr>\n<td><span style=\"color: #ffffff;\"><a style=\"color: #ffffff;\" href=\"https:\/\/api.whatsapp.com\/send?phone=905323961976\"><b><\/b> 0532 396 19 76<\/a><\/span><\/td>\n<\/tr>\n<tr>\n<td><span style=\"color: #ffffff;\"><a style=\"color: #ffffff;\" href=\"mailto:info@banukumbak.com\"><b><\/b> info@banukumbak.com<\/a><\/span><\/td>\n<\/tr>\n<\/tbody>\n<\/table>\n\n\n        <p><\/p>\n<\/div>[vc_row_inner][vc_column_inner width=&#8221;1\/4&#8243;][\/vc_column_inner][vc_column_inner width=&#8221;1\/2&#8243;][contact-form-7 404 \"Bulunamad\u0131\"][\/vc_column_inner][vc_column_inner width=&#8221;1\/4&#8243;][\/vc_column_inner][\/vc_row_inner][\/vc_column][\/vc_row]<\/p>\n","protected":false},"excerpt":{"rendered":"<p>[vc_row full_width=&#8221;0&#8243; full_height=&#8221;0&#8243; particles=&#8221;0&#8243; css=&#8221;.vc_custom_1539696017566{margin-bottom: -150px !important;padding-top: -200px !important;background-color: #e5e5e5 !important;}&#8221;][vc_column][vc_row_inner][vc_column_inner width=&#8221;1\/4&#8243;][vc_column_text] \u0627\u0644\u0639\u0644\u0627\u062c \u0628\u0637\u0631\u064a\u0642\u0629 \u0627\u0637\u0641\u0627\u0644 \u0627\u0644\u0627\u0646\u0627\u0628\u064a\u0628 &#8211; IVF (\u0627\u0644\u0625\u062e\u0635\u0627\u0628 \u0641\u064a \u0627\u0644\u0645\u062e\u062a\u0628\u0631 \/ \u0627\u0644\u062a\u0644\u0642\u064a\u062d \u0627\u0644\u0635\u0646\u0627\u0639\u064a) (\u0639\u0644\u0627\u062c \u0627\u0644\u062a\u0644\u0642\u064a\u062d \u0627\u0644\u0627\u0635\u0637\u0646\u0627\u0639\u064a) &nbsp;[\/vc_column_text][vc_single_image image=&#8221;5213&#8243; img_size=&#8221;300&#215;300&#8243; alignment=&#8221;center&#8221; onclick=&#8221;custom_link&#8221; link=&#8221;https:\/\/banukumbak.com\/ar\/%D8%A7%D9%84%D8%B9%D9%84%D8%A7%D8%AC-%D8%A8%D8%B7%D8%B1%D9%8A%D9%82%D8%A9-%D8%A7%D8%B7%D9%81%D8%A7%D9%84-%D8%A7%D9%84%D8%A7%D9%86%D8%A7%D8%A8%D9%8A%D8%A8-ivf-%D8%A7%D9%84%D8%A5%D8%AE%D8%B5%D8%A7\/&#8221; css=&#8221;.vc_custom_1539695049401{margin-top: -50px !important;}&#8221;][\/vc_column_inner][vc_column_inner width=&#8221;1\/4&#8243;][vc_column_text] &nbsp; &nbsp; \u0627\u0644\u0639\u064f\u0642\u0652\u0645 [\/vc_column_text][vc_single_image image=&#8221;5200&#8243; img_size=&#8221;300&#215;300&#8243; alignment=&#8221;center&#8221; onclick=&#8221;custom_link&#8221; link=&#8221;https:\/\/banukumbak.com\/ar\/%D8%A7%D9%84%D8%B9%D9%8F%D9%82%D9%92%D9%85\/&#8221; css=&#8221;.vc_custom_1539695098954{margin-top: -10px !important;}&#8221;][\/vc_column_inner][vc_column_inner width=&#8221;1\/4&#8243;][vc_column_text] &nbsp; \u062a\u064e\u0646\u0652\u0638\u064a\u0631\u064f \u0627\u0644\u0628\u064e\u0637\u0652\u0646 (=\u062a\u064e\u0646\u0652\u0638\u064a\u0631\u064f \u0627\u0644\u0635\u0651\u0650\u0641\u0627\u0642)&nbsp; [&hellip;]<\/p>\n","protected":false},"author":2,"featured_media":0,"parent":0,"menu_order":0,"comment_status":"closed","ping_status":"closed","template":"","meta":{"ngg_post_thumbnail":0},"_links":{"self":[{"href":"https:\/\/banukumbak.com\/ar\/wp-json\/wp\/v2\/pages\/145"}],"collection":[{"href":"https:\/\/banukumbak.com\/ar\/wp-json\/wp\/v2\/pages"}],"about":[{"href":"https:\/\/banukumbak.com\/ar\/wp-json\/wp\/v2\/types\/page"}],"author":[{"embeddable":true,"href":"https:\/\/banukumbak.com\/ar\/wp-json\/wp\/v2\/users\/2"}],"replies":[{"embeddable":true,"href":"https:\/\/banukumbak.com\/ar\/wp-json\/wp\/v2\/comments?post=145"}],"version-history":[{"count":0,"href":"https:\/\/banukumbak.com\/ar\/wp-json\/wp\/v2\/pages\/145\/revisions"}],"wp:attachment":[{"href":"https:\/\/banukumbak.com\/ar\/wp-json\/wp\/v2\/media?parent=145"}],"curies":[{"name":"wp","href":"https:\/\/api.w.org\/{rel}","templated":true}]}}