{"id":166,"date":"2015-09-28T17:04:12","date_gmt":"2015-09-28T17:04:12","guid":{"rendered":"https:\/\/plethorathemes.com\/healthx\/?page_id=166"},"modified":"2018-11-05T14:11:33","modified_gmt":"2018-11-05T14:11:33","slug":"%d9%85%d8%b9%d9%84%d9%88%d9%85%d8%a7%d8%aa-%d8%b9%d9%86%d9%8a","status":"publish","type":"page","link":"https:\/\/banukumbak.com\/ar\/%d9%85%d8%b9%d9%84%d9%88%d9%85%d8%a7%d8%aa-%d8%b9%d9%86%d9%8a\/","title":{"rendered":"\u0645\u0639\u0644\u0648\u0645\u0627\u062a \u0639\u0646\u064a"},"content":{"rendered":"<p>[vc_row full_width=&#8221;0&#8243; full_height=&#8221;0&#8243; particles=&#8221;0&#8243;][vc_column width=&#8221;2\/3&#8243; margin=&#8221;margin_bottom_grid&#8221; offset=&#8221;vc_col-md-6&#8243;][vc_column_text]<\/p>\n<h3 style=\"text-align: right;\"><strong>PROF. DR. HAT\u0130CE BANU (KUMBAK) AYG\u00dcN<\/strong><\/h3>\n<p>[\/vc_column_text][vc_text_separator title=&#8221;&#8221; title_align=&#8221;separator_align_left&#8221;][vc_column_text]<\/p>\n<h2 dir=\"rtl\"><span lang=\"AR-SA\">&#8211;&nbsp; \u0627\u0644\u0628\u0631\u0641\u0633\u0648\u0631\u0629 \u0627\u0644\u0637\u0628\u064a\u0628\u0629 ( \u0628\u0627\u0646\u0648\u0643\u0648\u0645\u0628\u0627\u0643 \u0627\u064a\u0643\u0648\u0646 )<\/span><\/h2>\n<p dir=\"RTL\"><span dir=\"LTR\">Banu kumbak Ayg\u00fcn<\/span><\/p>\n<p dir=\"RTL\"><span dir=\"LTR\">&#8211;<\/span><span lang=\"AR-SA\">&nbsp;\u0627\u0644\u0637\u0628\u064a\u0628\u0629 \u0627\u064a\u0643\u0648\u0646 (<\/span><span dir=\"LTR\">Ayg\u00fcn<\/span><span lang=\"AR-SA\">)&nbsp;<\/span><span lang=\"AR-SY\">\u0623\u062a\u0645\u062a \u062f\u0631\u0627\u0633\u062a\u0647\u0627 \u0627\u0644\u062b\u0627\u0646\u0648\u064a\u0629 \u0641\u064a \u0642\u064a\u0635\u0631\u064a&nbsp;<\/span><span dir=\"LTR\" lang=\"EN-US\">Kayseri<\/span><\/p>\n<p style=\"text-align: right;\">\u062a\u062e\u0631\u062c\u062a \u0641\u064a \u0643\u0644\u064a\u0629 \u0627\u0644\u0637\u0628 \u0639\u0627\u0645 1996 \u0628\u062f\u0631\u062c\u0629 \u0627\u0645\u062a\u064a\u0627\u0632 ( Hacettepe ) &#8211;<\/p>\n<p dir=\"RTL\"><span lang=\"AR-SA\">&#8211; \u0648\u0627\u062a\u0645\u062a \u0639\u0627\u0645&nbsp;<\/span><span dir=\"LTR\">2001&nbsp;<\/span><span lang=\"AR-SA\">&nbsp;\u0627\u062e\u062a\u0635\u0627\u0635\u0647\u0627 \u0641\u064a \u0627\u0644\u0637\u0628 \u0627\u0644\u0646\u0633\u0627\u0626\u064a \u062c\u0627\u0645\u0639\u0629 \u062c\u0631\u0627\u062d \u0628\u0627\u0634\u0627&nbsp;<\/span><span dir=\"LTR\">(Cerrah pa\u015fa t\u0131p fak\u00fcltesi)&nbsp;&nbsp;<\/span><\/p>\n<p dir=\"RTL\"><span dir=\"LTR\">&#8211;<\/span><span lang=\"AR-SA\">&nbsp;\u0648\u0644\u0642\u062f \u0639\u0645\u0644\u062a \u0627\u0644\u0637\u0628\u064a\u0628\u0629 \u0639\u0627\u0645&nbsp;<\/span><span dir=\"LTR\" lang=\"EN-US\">2002- 2006<\/span><span lang=\"AR-SY\">&nbsp;\u0641\u064a \u0645\u0633\u062a\u0634\u0641\u0649 \u0645\u0645\u0648\u0631\u064a\u0627 \u0641\u064a \u0625\u0633\u0637\u0646\u0628\u0648\u0644 (<\/span><span dir=\"LTR\" lang=\"EN-US\">Memorial<\/span>&nbsp;<span lang=\"AR-SA\">)<\/span><\/p>\n<p dir=\"RTL\"><span lang=\"AR-SA\">\u0645\u0631\u0643\u0632 \u0637\u0641\u0644 \u0627\u0644\u0627\u0646\u0627\u0628\u064a\u0628<\/span><\/p>\n<ul>\n<li dir=\"RTL\"><span lang=\"AR-SA\">\u0648\u0641\u064a \u0639\u0627\u0645&nbsp;<\/span><span dir=\"LTR\" lang=\"EN-US\">2006 \u2013 2008&nbsp;<\/span><span lang=\"AR-SA\">\u0641\u064a \u0645\u0631\u0643\u0632 \u0628\u062e\u062c\u064a\u062c\u064a \u0627\u0648\u0645\u0648\u062a(&nbsp;<\/span><span dir=\"LTR\">Bah\u00e7eci Umut&nbsp;<\/span><span lang=\"AR-SA\">&nbsp;)<\/span><\/li>\n<\/ul>\n<p dir=\"RTL\"><span lang=\"AR-SA\">\u0644\u0637\u0641\u0644 \u0627\u0644\u0627\u0646\u0627\u0628\u064a\u0628<\/span><\/p>\n<p dir=\"RTL\"><span lang=\"AR-SA\">-\u0648\u0641\u064a \u0639\u0627\u0645&nbsp;<\/span><span dir=\"LTR\" lang=\"EN-US\">2004 -2012&nbsp;<\/span><span lang=\"AR-SA\">&nbsp;\u0645\u062d\u0627\u0636\u0631\u0629 \u0641\u064a \u062c\u0627\u0645\u0639\u0629 \u0641\u0631\u0627\u062a \u0644\u0627\u0645\u0631\u0627\u0636 \u0627\u0644\u0646\u0633\u0627\u0621 \u0648\u0627\u0644\u062a\u0648\u0644\u064a\u062f \u0648\u0645\u0633\u0624\u0648\u0644\u0629 \u0641\u064a \u0645\u0631\u0643\u0632 \u0623\u0637\u0641\u0627\u0644 \u0627\u0644\u0627\u0646\u0627\u0628\u064a\u0628<\/span><\/p>\n<p dir=\"RTL\"><span lang=\"AR-SA\">&#8211; \u0648\u0641\u064a \u0639\u0627\u0645&nbsp;<\/span><span dir=\"LTR\" lang=\"EN-US\">2011<\/span><span lang=\"AR-SA\">&nbsp;\u062d\u0635\u0644\u062a \u0639\u0644\u0649 \u0644\u0642\u0628 \u0627\u0644\u0637\u0628\u064a\u0628 \u0627\u0644\u0645\u0634\u0627\u0631\u0643<\/span><\/p>\n<p dir=\"RTL\"><span lang=\"AR-SA\">&#8211; \u0648\u0641\u064a \u0639\u0627\u0645&nbsp;<\/span><span dir=\"LTR\" lang=\"EN-US\">2013&nbsp;<\/span><span lang=\"AR-SA\">\u0623\u0633\u0633\u062a \u0645\u0631\u0643\u0632 \u0623\u0637\u0641\u0627\u0644 \u0627\u0644\u0627\u0646\u0627\u0628\u064a\u0628 \u0641\u064a \u062c\u0627\u0645\u0639\u0629 \u0645\u062f\u064a\u0628\u0648\u0644 (&nbsp;<\/span><span dir=\"LTR\">Med\u0131pol<\/span><span lang=\"AR-SA\">&nbsp;) \u0625\u0633\u0637\u0646\u0628\u0648\u0644<\/span><\/p>\n<p dir=\"RTL\"><span lang=\"AR-SA\">&#8211; \u0648\u0627\u0634\u0631\u0641\u062a \u0639\u0644\u0649 \u0645\u0631\u0627\u0643\u0632 \u0639\u062f\u064a\u062f\u0629 \u062e\u0627\u0631\u062c \u0627\u0644\u062f\u0648\u0644\u0629 \u0641\u064a \u0645\u062c\u0627\u0644 \u0627\u0644\u062c\u0631\u0627\u062d\u0629 \u0627\u0644\u062a\u0646\u0627\u0633\u0644\u064a\u0629 \u0648\u062a\u0646\u0638\u064a\u0631 \u0627\u0644\u0631\u062d\u0645 \u0648\u0634\u0627\u0631\u0643\u062a \u0641\u064a \u0627\u0644\u0639\u062f\u064a\u062f \u0645\u0646 \u0627\u0644\u062f\u0648\u0631\u0627\u062a<\/span><span dir=\"LTR\">.<\/span><\/p>\n<p dir=\"RTL\"><span dir=\"LTR\">&#8211;<\/span><span lang=\"AR-SA\">\u0645\u062c\u0627\u0644\u0627\u062a \u0627\u062e\u062a\u0635\u0627\u0635 \u0627\u0644\u0637\u0628\u064a\u0628\u0629 \u0627\u0644\u0645\u0639\u0627\u0644\u062c\u0629 \u0639\u0644\u0649 \u0627\u0644\u0627\u062e\u0635\u0627\u0628 \u0648\u0623\u0637\u0641\u0627\u0644 \u0627\u0644\u0623\u0646\u0627\u0628\u064a\u0628 \u0648\u0627\u0644\u062a\u0634\u062e\u064a\u0635 \u0627\u0644\u0648\u0631\u0627\u062b\u064a \u0642\u0628\u0644 \u0627\u0644\u062d\u0645\u0644 \u0648\u0628\u0637\u0627\u0646\u0629 \u0627\u0644\u0631\u062d\u0645\u060c\u0645\u062a\u0644\u0627\u0632\u0645\u0629 \u062a\u0643\u064a\u0633 \u0627\u0644\u0645\u0628\u0627\u064a\u0636 \u0648\u0627\u0644\u0627\u062c\u0647\u0627\u0636 \u0648\u062a\u0634\u0648\u0647\u0627\u062a \u0627\u0644\u0631\u062d\u0645<\/span><\/p>\n<p dir=\"RTL\"><span lang=\"AR-SA\">-\u0627\u0644\u0637\u0628\u064a\u0628\u0629 (<\/span><span dir=\"LTR\">Ayg\u00fcn<\/span><span lang=\"AR-SA\">) \u0645\u062a\u0632\u0648\u062c\u0629 \u0648\u0644\u062f\u064a\u0647\u0627 \u0637\u0641\u0644\u0627\u0646<\/span><\/p>\n<p dir=\"RTL\"><b><u><span lang=\"AR-SA\">\u062e\u0628\u0631\u0627\u062a\u0647\u0627:<\/span><\/u><\/b><\/p>\n<p dir=\"RTL\"><span lang=\"AR-SA\">&#8211;<\/span><span dir=\"LTR\">1989-1996<\/span><span lang=\"AR-SA\">&nbsp;\u0639\u0645\u0644\u062a \u0637\u0628\u064a\u0628\u0629 \u0641\u064a \u0643\u0644\u064a\u0629 \u0627\u0644\u0637\u0628 \u062d\u0627\u062c\u062a \u062a\u0628\u064a (<\/span><span dir=\"LTR\">Hacettepe<\/span><span lang=\"AR-SA\">)<\/span><\/p>\n<p dir=\"RTL\"><span lang=\"AR-SA\">&#8211;<\/span><span dir=\"LTR\">1996-2001<\/span><span lang=\"AR-SA\">\u0639\u0645\u0644\u062a \u0641\u064a \u0643\u0644\u064a\u0629 \u062c\u0631\u0627\u062d \u0628\u0627\u0634\u0627 \u0641\u064a \u0625\u0633\u0637\u0646\u0628\u0648\u0644 \u0643\u0637\u0628\u064a\u0628\u0629 \u0645\u062e\u062a\u0635\u0629 \u0641\u064a \u0627\u0644\u062a\u0648\u0644\u064a\u062f \u0648\u0627\u0644\u0623\u0645\u0631\u0627\u0636 \u0627\u0644\u0646\u0633\u0627\u0626\u064a\u0629<\/span><\/p>\n<p dir=\"RTL\"><span lang=\"AR-SA\">-\u0639\u0627\u0645<\/span><span dir=\"LTR\">2005<\/span><span lang=\"AR-SA\">&nbsp;\u062e\u0628\u064a\u0631\u0629 \u0641\u064a \u0627\u0644\u0645\u0639\u0627\u0644\u062c\u0627\u062a \u0627\u0644\u062a\u0646\u0627\u0633\u0644\u064a\u0629 \u0648\u0645\u0633\u0627\u0639\u062f\u0629 \u0641\u064a \u0648\u0632\u0627\u0631\u0629 \u0627\u0644\u0635\u062d\u0629 \u0634\u0647\u0627\u062f\u0629 \u0627\u0644\u0639\u0636\u0648<\/span><\/p>\n<p dir=\"RTL\"><span lang=\"AR-SA\">&#8211;<\/span><span dir=\"LTR\">2009-2012<\/span><span lang=\"AR-SA\">\u0637\u0628\u064a\u0628\u0629 \u0623\u0645\u0631\u0627\u0636 \u062a\u0646\u0627\u0633\u0644\u064a\u0629 \u0648\u062a\u0648\u0644\u064a\u062f\u0648\u0639\u0636\u0648 \u0645\u0639\u0644\u0645 \u0648\u0645\u0633\u0624\u0648\u0644\u0629 \u0645\u0631\u0643\u0632 \u0623\u0637\u0641\u0627\u0644 \u0627\u0644\u0623\u0646\u0627\u0628\u064a\u0628 \u0641\u064a \u0643\u0644\u064a\u0629 \u0627\u0644\u0637\u0628 \u062c\u0627\u0645\u0639\u0629 \u0627\u0644\u0641\u0631\u0627\u062a<\/span><\/p>\n<p dir=\"RTL\"><span lang=\"AR-SA\">&#8211;<\/span><span dir=\"LTR\">2017<\/span><span lang=\"AR-SA\">&nbsp;\u0628\u0631\u0641\u0633\u0648\u0631\u0629 \u0637\u0628\u064a\u0628\u0629 \u0623\u0645\u0631\u0627\u0636 \u0646\u0633\u0627\u0626\u064a\u0629 \u0648\u062a\u0648\u0644\u064a\u062f \u0641\u064a \u0643\u0644\u064a\u0629 \u0627\u0644\u0637\u0628 \u062c\u0627\u0645\u0639\u0629 \u0622\u064a\u062f\u0646 \u0641\u064a \u0625\u0633\u0637\u0646\u0628\u0648\u0644<\/span><\/p>\n<p>[\/vc_column_text][\/vc_column][vc_column width=&#8221;1\/3&#8243; offset=&#8221;vc_col-md-6&#8243;][vc_single_image image=&#8221;4521&#8243; img_size=&#8221;450&#215;450&#8243; alignment=&#8221;center&#8221; style=&#8221;vc_box_border&#8221;][\/vc_column][\/vc_row]<\/p>\n","protected":false},"excerpt":{"rendered":"<p>[vc_row full_width=&#8221;0&#8243; full_height=&#8221;0&#8243; particles=&#8221;0&#8243;][vc_column width=&#8221;2\/3&#8243; margin=&#8221;margin_bottom_grid&#8221; offset=&#8221;vc_col-md-6&#8243;][vc_column_text] PROF. DR. HAT\u0130CE BANU (KUMBAK) AYG\u00dcN [\/vc_column_text][vc_text_separator title=&#8221;&#8221; title_align=&#8221;separator_align_left&#8221;][vc_column_text] &#8211;&nbsp; \u0627\u0644\u0628\u0631\u0641\u0633\u0648\u0631\u0629 \u0627\u0644\u0637\u0628\u064a\u0628\u0629 ( \u0628\u0627\u0646\u0648\u0643\u0648\u0645\u0628\u0627\u0643 \u0627\u064a\u0643\u0648\u0646 ) Banu kumbak Ayg\u00fcn &#8211;&nbsp;\u0627\u0644\u0637\u0628\u064a\u0628\u0629 \u0627\u064a\u0643\u0648\u0646 (Ayg\u00fcn)&nbsp;\u0623\u062a\u0645\u062a \u062f\u0631\u0627\u0633\u062a\u0647\u0627 \u0627\u0644\u062b\u0627\u0646\u0648\u064a\u0629 \u0641\u064a \u0642\u064a\u0635\u0631\u064a&nbsp;Kayseri \u062a\u062e\u0631\u062c\u062a \u0641\u064a \u0643\u0644\u064a\u0629 \u0627\u0644\u0637\u0628 \u0639\u0627\u0645 1996 \u0628\u062f\u0631\u062c\u0629 \u0627\u0645\u062a\u064a\u0627\u0632 ( Hacettepe ) &#8211; &#8211; \u0648\u0627\u062a\u0645\u062a \u0639\u0627\u0645&nbsp;2001&nbsp;&nbsp;\u0627\u062e\u062a\u0635\u0627\u0635\u0647\u0627 \u0641\u064a \u0627\u0644\u0637\u0628 \u0627\u0644\u0646\u0633\u0627\u0626\u064a \u062c\u0627\u0645\u0639\u0629 \u062c\u0631\u0627\u062d \u0628\u0627\u0634\u0627&nbsp;(Cerrah pa\u015fa [&hellip;]<\/p>\n","protected":false},"author":2,"featured_media":2301,"parent":0,"menu_order":0,"comment_status":"closed","ping_status":"closed","template":"","meta":{"ngg_post_thumbnail":0},"_links":{"self":[{"href":"https:\/\/banukumbak.com\/ar\/wp-json\/wp\/v2\/pages\/166"}],"collection":[{"href":"https:\/\/banukumbak.com\/ar\/wp-json\/wp\/v2\/pages"}],"about":[{"href":"https:\/\/banukumbak.com\/ar\/wp-json\/wp\/v2\/types\/page"}],"author":[{"embeddable":true,"href":"https:\/\/banukumbak.com\/ar\/wp-json\/wp\/v2\/users\/2"}],"replies":[{"embeddable":true,"href":"https:\/\/banukumbak.com\/ar\/wp-json\/wp\/v2\/comments?post=166"}],"version-history":[{"count":0,"href":"https:\/\/banukumbak.com\/ar\/wp-json\/wp\/v2\/pages\/166\/revisions"}],"wp:featuredmedia":[{"embeddable":true,"href":"https:\/\/banukumbak.com\/ar\/wp-json\/wp\/v2\/media\/2301"}],"wp:attachment":[{"href":"https:\/\/banukumbak.com\/ar\/wp-json\/wp\/v2\/media?parent=166"}],"curies":[{"name":"wp","href":"https:\/\/api.w.org\/{rel}","templated":true}]}}